{"id":500107,"date":"2026-02-12T05:59:42","date_gmt":"2026-02-12T03:59:42","guid":{"rendered":"https:\/\/test2.michel-promo.com\/en\/product\/vinga-paso-pizza-slicer\/"},"modified":"2026-05-12T02:20:39","modified_gmt":"2026-05-12T00:20:39","slug":"vinga-paso-pizza-slicer","status":"publish","type":"product","link":"https:\/\/test2.michel-promo.com\/hr\/proizvod-2\/vinga-paso-pizza-slicer\/","title":{"rendered":"VINGA Paso reza\u010d za pizzu"},"content":{"rendered":"<p>Unaprijedite svoje iskustvo objedovanja s ovim elegantnim reza\u010dem za pizzu, dizajniranim za skandinavsku jednostavnost. Izra\u0111en od FSC\u00ae certificiranog drva jasena i visokokvalitetnog nehr\u0111aju\u0107eg \u010delika, ovaj reza\u010d osigurava precizno i jednostavno rezanje pizze ili bilo kojeg drugog jela koje zahtijeva \u010diste kri\u0161ke. Njegov stabilan rukohvat omogu\u0107uje udobno dr\u017eanje, \u0161to ga \u010dini prakti\u010dnim dodatkom va\u0161oj kuhinji.<\/p>","protected":false},"excerpt":{"rendered":"<p>Unaprijedite svoje iskustvo objedovanja s ovim elegantnim reza\u010dem za pizzu, dizajniranim za skandinavsku jednostavnost. Izra\u0111en od FSC\u00ae certificiranog jasena<\/p>","protected":false},"featured_media":350695,"template":"","meta":{"_acf_changed":false},"product_brand":[],"product_cat":[132,84],"product_tag":[],"class_list":{"0":"post-500107","1":"product","2":"type-product","3":"status-publish","4":"has-post-thumbnail","6":"product_cat-camping-and-hiking-gear","7":"product_cat-sports-recreation-and-leisure","9":"first","10":"instock","11":"taxable","12":"shipping-taxable","13":"purchasable","14":"product-type-variable","15":"has-default-attributes"},"acf":[],"_links":{"self":[{"href":"https:\/\/test2.michel-promo.com\/hr\/wp-json\/wp\/v2\/product\/500107","targetHints":{"allow":["GET"]}}],"collection":[{"href":"https:\/\/test2.michel-promo.com\/hr\/wp-json\/wp\/v2\/product"}],"about":[{"href":"https:\/\/test2.michel-promo.com\/hr\/wp-json\/wp\/v2\/types\/product"}],"version-history":[{"count":0,"href":"https:\/\/test2.michel-promo.com\/hr\/wp-json\/wp\/v2\/product\/500107\/revisions"}],"wp:featuredmedia":[{"embeddable":true,"href":"https:\/\/test2.michel-promo.com\/hr\/wp-json\/wp\/v2\/media\/350695"}],"wp:attachment":[{"href":"https:\/\/test2.michel-promo.com\/hr\/wp-json\/wp\/v2\/media?parent=500107"}],"wp:term":[{"taxonomy":"product_brand","embeddable":true,"href":"https:\/\/test2.michel-promo.com\/hr\/wp-json\/wp\/v2\/product_brand?post=500107"},{"taxonomy":"product_cat","embeddable":true,"href":"https:\/\/test2.michel-promo.com\/hr\/wp-json\/wp\/v2\/product_cat?post=500107"},{"taxonomy":"product_tag","embeddable":true,"href":"https:\/\/test2.michel-promo.com\/hr\/wp-json\/wp\/v2\/product_tag?post=500107"}],"curies":[{"name":"radni list","href":"https:\/\/api.w.org\/{rel}","templated":true}]}}