{"id":500111,"date":"2026-02-12T05:59:44","date_gmt":"2026-02-12T03:59:44","guid":{"rendered":"https:\/\/test2.michel-promo.com\/en\/product\/vinga-paso-smash-burger-press\/"},"modified":"2026-05-12T02:20:39","modified_gmt":"2026-05-12T00:20:39","slug":"vinga-paso-smash-burger-press","status":"publish","type":"product","link":"https:\/\/test2.michel-promo.com\/hr\/proizvod-2\/vinga-paso-smash-burger-press\/","title":{"rendered":"VINGA Paso pre\u0161a za pljeskavice"},"content":{"rendered":"<p>Upoznajte Paso smash pre\u0161u za hamburgere, obaveznu opremu za savr\u0161ene smash hamburgere i vi\u0161e. Izra\u0111en od vrhunskog nehr\u0111aju\u0107eg \u010delika s FSC\u00ae certificiranom ru\u010dkom od jasenovog drva, osigurava udobnost i izdr\u017eljivost. Njegov promjer od 11 cm idealan je za ravnomjerno pe\u010dene hamburgere, pre\u0161ane sendvi\u010de ili hrskavu slaninu.<\/p>","protected":false},"excerpt":{"rendered":"<p>Upoznajte Paso smash pre\u0161u za hamburgere, obaveznu opremu za savr\u0161ene smash hamburgere i vi\u0161e. Izra\u0111en od vrhunskog nehr\u0111aju\u0107eg \u010delika s<\/p>","protected":false},"featured_media":350702,"template":"","meta":{"_acf_changed":false},"product_brand":[],"product_cat":[132,84],"product_tag":[],"class_list":{"0":"post-500111","1":"product","2":"type-product","3":"status-publish","4":"has-post-thumbnail","6":"product_cat-camping-and-hiking-gear","7":"product_cat-sports-recreation-and-leisure","9":"first","10":"instock","11":"taxable","12":"shipping-taxable","13":"purchasable","14":"product-type-variable","15":"has-default-attributes"},"acf":[],"_links":{"self":[{"href":"https:\/\/test2.michel-promo.com\/hr\/wp-json\/wp\/v2\/product\/500111","targetHints":{"allow":["GET"]}}],"collection":[{"href":"https:\/\/test2.michel-promo.com\/hr\/wp-json\/wp\/v2\/product"}],"about":[{"href":"https:\/\/test2.michel-promo.com\/hr\/wp-json\/wp\/v2\/types\/product"}],"version-history":[{"count":0,"href":"https:\/\/test2.michel-promo.com\/hr\/wp-json\/wp\/v2\/product\/500111\/revisions"}],"wp:featuredmedia":[{"embeddable":true,"href":"https:\/\/test2.michel-promo.com\/hr\/wp-json\/wp\/v2\/media\/350702"}],"wp:attachment":[{"href":"https:\/\/test2.michel-promo.com\/hr\/wp-json\/wp\/v2\/media?parent=500111"}],"wp:term":[{"taxonomy":"product_brand","embeddable":true,"href":"https:\/\/test2.michel-promo.com\/hr\/wp-json\/wp\/v2\/product_brand?post=500111"},{"taxonomy":"product_cat","embeddable":true,"href":"https:\/\/test2.michel-promo.com\/hr\/wp-json\/wp\/v2\/product_cat?post=500111"},{"taxonomy":"product_tag","embeddable":true,"href":"https:\/\/test2.michel-promo.com\/hr\/wp-json\/wp\/v2\/product_tag?post=500111"}],"curies":[{"name":"radni list","href":"https:\/\/api.w.org\/{rel}","templated":true}]}}