{"id":500416,"date":"2026-02-27T15:20:08","date_gmt":"2026-02-27T13:20:08","guid":{"rendered":"https:\/\/test2.michel-promo.com\/?post_type=product&#038;p=500416"},"modified":"2026-02-27T15:20:14","modified_gmt":"2026-02-27T13:20:14","slug":"card-shape-mint-dispenser-with-sugarfree-mints","status":"publish","type":"product","link":"https:\/\/test2.michel-promo.com\/hr\/proizvod-2\/card-shape-mint-dispenser-with-sugarfree-mints\/","title":{"rendered":"Dozator mente u obliku kartice s mentama bez \u0161e\u0107era"},"content":{"rendered":"<p>Card shape mint dispenser with sugarfree mints.<\/p>\n<p class=\"long-description\"><span class=\"long-description-text is-line-break\">Dozator bombona za mentu s kreditnim karticama. 78x48x6 mm s otprilike 8 g bombona bez \u0161e\u0107era i etiketom sastojaka.<\/span><\/p>\n<p class=\"long-description\"><span class=\"long-description-text is-line-break\">Odaberite izme\u0111u raznih plasti\u010dnih dozatora razli\u010ditih boja i dodajte svoj logotip.<\/span><\/p>\n<p class=\"long-description\"><span class=\"long-description-text is-line-break\">Odaberite svoju omiljenu boju, dodajte svoj logotip i stvorite primamljiv poklon za ured ili bilo koji doga\u0111aj!<\/span><\/p>\n<p>&nbsp;<\/p>\n<p class=\"long-description\"><span class=\"long-description-text\">Cijene uklju\u010duju dostavu na jednu adresu u zemlji u kojoj je va\u0161a tvrtka registrirana kod nas; osim za zemlje izvan Europe i nekontinentalne zemlje.<\/span><\/p>\n<p class=\"long-description\"><span class=\"long-description-text\">Svi tro\u0161kovi vezani uz promjene u dizajnu ili otkazivanje narud\u017ebe bit \u0107e fakturirani. Navedeni rokovi isporuke podlo\u017eni su proizvodnim kapacitetima i praznicima dobavlja\u010da.<\/span><\/p>\n<p class=\"long-description\"><span class=\"long-description-text is-line-break\">Ovaj artikl je u skladu sa svim relevantnim sigurnosnim propisima.<\/span><\/p>","protected":false},"excerpt":{"rendered":"<p class=\"long-description\"><span class=\"long-description-text is-line-break\">Dozator bombona za mentu s kreditnim karticama. 78x48x6 mm s otprilike 8 g bombona bez \u0161e\u0107era i etiketom sastojaka.<\/span><\/p>\n<p class=\"long-description\"><span class=\"long-description-text is-line-break\">Odaberite izme\u0111u raznih plasti\u010dnih dozatora razli\u010ditih boja i dodajte svoj logotip.<\/span><\/p>\n<p class=\"long-description\"><span class=\"long-description-text is-line-break\">Odaberite svoju omiljenu boju, dodajte svoj logotip i stvorite primamljiv poklon za ured ili bilo koji doga\u0111aj!<\/span><\/p>\n<p>&nbsp;<\/p>\n<p class=\"long-description\"><span class=\"long-description-text\">Cijene uklju\u010duju dostavu na jednu adresu u zemlji u kojoj je va\u0161a tvrtka registrirana kod nas; osim za zemlje izvan Europe i nekontinentalne zemlje.<\/span><\/p>\n<p class=\"long-description\"><span class=\"long-description-text\">Svi tro\u0161kovi vezani uz promjene u dizajnu ili otkazivanje narud\u017ebe bit \u0107e fakturirani. Navedeni rokovi isporuke podlo\u017eni su proizvodnim kapacitetima i praznicima dobavlja\u010da.<\/span><\/p>\n<p class=\"long-description\"><span class=\"long-description-text is-line-break\">Ovaj artikl je u skladu sa svim relevantnim sigurnosnim propisima.<\/span><\/p>","protected":false},"featured_media":500408,"template":"","meta":{"_acf_changed":false},"product_brand":[],"product_cat":[12131,172,109],"product_tag":[],"class_list":{"0":"post-500416","1":"product","2":"type-product","3":"status-publish","4":"has-post-thumbnail","6":"product_cat-easter","7":"product_cat-seasonal-events","8":"product_cat-sweets","10":"first","11":"instock","12":"taxable","13":"shipping-taxable","14":"purchasable","15":"product-type-simple"},"acf":[],"_links":{"self":[{"href":"https:\/\/test2.michel-promo.com\/hr\/wp-json\/wp\/v2\/product\/500416","targetHints":{"allow":["GET"]}}],"collection":[{"href":"https:\/\/test2.michel-promo.com\/hr\/wp-json\/wp\/v2\/product"}],"about":[{"href":"https:\/\/test2.michel-promo.com\/hr\/wp-json\/wp\/v2\/types\/product"}],"version-history":[{"count":3,"href":"https:\/\/test2.michel-promo.com\/hr\/wp-json\/wp\/v2\/product\/500416\/revisions"}],"predecessor-version":[{"id":500663,"href":"https:\/\/test2.michel-promo.com\/hr\/wp-json\/wp\/v2\/product\/500416\/revisions\/500663"}],"wp:featuredmedia":[{"embeddable":true,"href":"https:\/\/test2.michel-promo.com\/hr\/wp-json\/wp\/v2\/media\/500408"}],"wp:attachment":[{"href":"https:\/\/test2.michel-promo.com\/hr\/wp-json\/wp\/v2\/media?parent=500416"}],"wp:term":[{"taxonomy":"product_brand","embeddable":true,"href":"https:\/\/test2.michel-promo.com\/hr\/wp-json\/wp\/v2\/product_brand?post=500416"},{"taxonomy":"product_cat","embeddable":true,"href":"https:\/\/test2.michel-promo.com\/hr\/wp-json\/wp\/v2\/product_cat?post=500416"},{"taxonomy":"product_tag","embeddable":true,"href":"https:\/\/test2.michel-promo.com\/hr\/wp-json\/wp\/v2\/product_tag?post=500416"}],"curies":[{"name":"radni list","href":"https:\/\/api.w.org\/{rel}","templated":true}]}}