{"id":500422,"date":"2026-02-27T14:53:07","date_gmt":"2026-02-27T12:53:07","guid":{"rendered":"https:\/\/test2.michel-promo.com\/?post_type=product&#038;p=500422"},"modified":"2026-02-27T14:57:19","modified_gmt":"2026-02-27T12:57:19","slug":"hinge-tin-container-with-mints-or-sweets","status":"publish","type":"product","link":"https:\/\/test2.michel-promo.com\/hr\/proizvod-2\/hinge-tin-container-with-mints-or-sweets\/","title":{"rendered":"Limena posuda s \u0161arkama za mente ili slatki\u0161e"},"content":{"rendered":"<p class=\"long-description\"><span class=\"long-description-text is-line-break\">Limena posuda u obliku srca. Veli\u010dina: 70x65x15 mm.<\/span><\/p>\n<p class=\"long-description\"><strong><span class=\"long-description-text is-line-break\">Birajte izme\u0111u 2 boje i vi\u0161e opcija Mints i Sweets.<\/span><\/strong><\/p>\n<p class=\"long-description\"><span class=\"long-description-text is-line-break\">Odaberite svoju omiljenu boju, dodajte svoj logotip i stvorite primamljiv poklon za ured ili bilo koji doga\u0111aj!<\/span><\/p>\n<p class=\"long-description\"><span class=\"long-description-text\">Cijene uklju\u010duju dostavu na jednu adresu u zemlji u kojoj je va\u0161a tvrtka registrirana kod nas; osim za zemlje izvan Europe i nekontinentalne zemlje.<\/span><\/p>\n<p class=\"long-description\"><span class=\"long-description-text\">Svi tro\u0161kovi vezani uz promjene u dizajnu ili otkazivanje narud\u017ebe bit \u0107e fakturirani. Navedeni rokovi isporuke podlo\u017eni su proizvodnim kapacitetima i praznicima dobavlja\u010da.<\/span><\/p>\n<p class=\"long-description\"><span class=\"long-description-text is-line-break\">Ovaj artikl je u skladu sa svim relevantnim sigurnosnim propisima<\/span><\/p>","protected":false},"excerpt":{"rendered":"<p class=\"long-description\"><span class=\"long-description-text is-line-break\">Limena posuda u obliku srca. Veli\u010dina: 70x65x15 mm.<\/span><\/p>\n<p class=\"long-description\"><strong><span class=\"long-description-text is-line-break\">Birajte izme\u0111u 2 boje i vi\u0161e opcija Mints i Sweets.<\/span><\/strong><\/p>\n<p class=\"long-description\"><span class=\"long-description-text is-line-break\">Odaberite svoju omiljenu boju, dodajte svoj logotip i stvorite primamljiv poklon za ured ili bilo koji doga\u0111aj!<\/span><\/p>\n<p class=\"long-description\"><span class=\"long-description-text\">Cijene uklju\u010duju dostavu na jednu adresu u zemlji u kojoj je va\u0161a tvrtka registrirana kod nas; osim za zemlje izvan Europe i nekontinentalne zemlje.<\/span><\/p>\n<p class=\"long-description\"><span class=\"long-description-text\">Svi tro\u0161kovi vezani uz promjene u dizajnu ili otkazivanje narud\u017ebe bit \u0107e fakturirani. Navedeni rokovi isporuke podlo\u017eni su proizvodnim kapacitetima i praznicima dobavlja\u010da.<\/span><\/p>\n<p class=\"long-description\"><span class=\"long-description-text is-line-break\">Ovaj artikl je u skladu sa svim relevantnim sigurnosnim propisima<\/span><\/p>","protected":false},"featured_media":500405,"template":"","meta":{"_acf_changed":false},"product_brand":[],"product_cat":[12131,172,109],"product_tag":[],"class_list":{"0":"post-500422","1":"product","2":"type-product","3":"status-publish","4":"has-post-thumbnail","6":"product_cat-easter","7":"product_cat-seasonal-events","8":"product_cat-sweets","10":"first","11":"instock","12":"taxable","13":"shipping-taxable","14":"purchasable","15":"product-type-simple"},"acf":[],"_links":{"self":[{"href":"https:\/\/test2.michel-promo.com\/hr\/wp-json\/wp\/v2\/product\/500422","targetHints":{"allow":["GET"]}}],"collection":[{"href":"https:\/\/test2.michel-promo.com\/hr\/wp-json\/wp\/v2\/product"}],"about":[{"href":"https:\/\/test2.michel-promo.com\/hr\/wp-json\/wp\/v2\/types\/product"}],"version-history":[{"count":7,"href":"https:\/\/test2.michel-promo.com\/hr\/wp-json\/wp\/v2\/product\/500422\/revisions"}],"predecessor-version":[{"id":500678,"href":"https:\/\/test2.michel-promo.com\/hr\/wp-json\/wp\/v2\/product\/500422\/revisions\/500678"}],"wp:featuredmedia":[{"embeddable":true,"href":"https:\/\/test2.michel-promo.com\/hr\/wp-json\/wp\/v2\/media\/500405"}],"wp:attachment":[{"href":"https:\/\/test2.michel-promo.com\/hr\/wp-json\/wp\/v2\/media?parent=500422"}],"wp:term":[{"taxonomy":"product_brand","embeddable":true,"href":"https:\/\/test2.michel-promo.com\/hr\/wp-json\/wp\/v2\/product_brand?post=500422"},{"taxonomy":"product_cat","embeddable":true,"href":"https:\/\/test2.michel-promo.com\/hr\/wp-json\/wp\/v2\/product_cat?post=500422"},{"taxonomy":"product_tag","embeddable":true,"href":"https:\/\/test2.michel-promo.com\/hr\/wp-json\/wp\/v2\/product_tag?post=500422"}],"curies":[{"name":"radni list","href":"https:\/\/api.w.org\/{rel}","templated":true}]}}