{"id":500426,"date":"2026-02-27T14:55:45","date_gmt":"2026-02-27T12:55:45","guid":{"rendered":"https:\/\/test2.michel-promo.com\/?post_type=product&#038;p=500426"},"modified":"2026-02-27T14:55:57","modified_gmt":"2026-02-27T12:55:57","slug":"plastic-tin-lid-container-with-sugarfree-mints","status":"publish","type":"product","link":"https:\/\/test2.michel-promo.com\/hr\/proizvod-2\/plastic-tin-lid-container-with-sugarfree-mints\/","title":{"rendered":"Plasti\u010dna posuda s limenim poklopcem s mentol bombonima bez \u0161e\u0107era"},"content":{"rendered":"<p class=\"long-description\"><span class=\"long-description-text is-line-break\">Otprilike 12 g mente bez \u0161e\u0107era u bijeloj plasti\u010dnoj posudi s limenim poklopcem. Otvaranje jednostavnim pritiskom. Veli\u010dina: \u00d845 \u00d7 15 mm.<\/span><\/p>\n<p class=\"long-description\"><strong><span class=\"long-description-text is-line-break\">Odaberite izme\u0111u limenih poklopaca u raznim bojama i dodajte svoj logotip.<\/span><\/strong><\/p>\n<p class=\"long-description\"><span class=\"long-description-text is-line-break\">Odaberite svoju omiljenu boju, dodajte svoj logotip i stvorite primamljiv poklon za ured ili bilo koji doga\u0111aj!<\/span><\/p>\n<p class=\"long-description\"><span class=\"long-description-text\">Cijene uklju\u010duju dostavu na jednu adresu u zemlji u kojoj je va\u0161a tvrtka registrirana kod nas; osim za zemlje izvan Europe i nekontinentalne zemlje.<\/span><\/p>\n<p class=\"long-description\"><span class=\"long-description-text\">Svi tro\u0161kovi vezani uz promjene u dizajnu ili otkazivanje narud\u017ebe bit \u0107e fakturirani. Navedeni rokovi isporuke podlo\u017eni su proizvodnim kapacitetima i praznicima dobavlja\u010da.<\/span><\/p>\n<p class=\"long-description\"><span class=\"long-description-text is-line-break\">Ovaj artikl je u skladu sa svim relevantnim sigurnosnim propisima.<\/span><\/p>","protected":false},"excerpt":{"rendered":"<p class=\"long-description\"><span class=\"long-description-text is-line-break\">Otprilike 12 g mente bez \u0161e\u0107era u bijeloj plasti\u010dnoj posudi s limenim poklopcem. Otvaranje jednostavnim pritiskom. Veli\u010dina: \u00d845 \u00d7 15 mm.<\/span><\/p>\n<p class=\"long-description\"><strong><span class=\"long-description-text is-line-break\">Odaberite izme\u0111u limenih poklopaca u raznim bojama i dodajte svoj logotip.<\/span><\/strong><\/p>\n<p class=\"long-description\"><span class=\"long-description-text is-line-break\">Odaberite svoju omiljenu boju, dodajte svoj logotip i stvorite primamljiv poklon za ured ili bilo koji doga\u0111aj!<\/span><\/p>\n<p class=\"long-description\"><span class=\"long-description-text\">Cijene uklju\u010duju dostavu na jednu adresu u zemlji u kojoj je va\u0161a tvrtka registrirana kod nas; osim za zemlje izvan Europe i nekontinentalne zemlje.<\/span><\/p>\n<p class=\"long-description\"><span class=\"long-description-text\">Svi tro\u0161kovi vezani uz promjene u dizajnu ili otkazivanje narud\u017ebe bit \u0107e fakturirani. Navedeni rokovi isporuke podlo\u017eni su proizvodnim kapacitetima i praznicima dobavlja\u010da.<\/span><\/p>\n<p class=\"long-description\"><span class=\"long-description-text is-line-break\">Ovaj artikl je u skladu sa svim relevantnim sigurnosnim propisima.<\/span><\/p>","protected":false},"featured_media":500410,"template":"","meta":{"_acf_changed":false},"product_brand":[],"product_cat":[12131,172,109],"product_tag":[],"class_list":{"0":"post-500426","1":"product","2":"type-product","3":"status-publish","4":"has-post-thumbnail","6":"product_cat-easter","7":"product_cat-seasonal-events","8":"product_cat-sweets","10":"first","11":"instock","12":"taxable","13":"shipping-taxable","14":"purchasable","15":"product-type-simple"},"acf":[],"_links":{"self":[{"href":"https:\/\/test2.michel-promo.com\/hr\/wp-json\/wp\/v2\/product\/500426","targetHints":{"allow":["GET"]}}],"collection":[{"href":"https:\/\/test2.michel-promo.com\/hr\/wp-json\/wp\/v2\/product"}],"about":[{"href":"https:\/\/test2.michel-promo.com\/hr\/wp-json\/wp\/v2\/types\/product"}],"version-history":[{"count":4,"href":"https:\/\/test2.michel-promo.com\/hr\/wp-json\/wp\/v2\/product\/500426\/revisions"}],"predecessor-version":[{"id":500679,"href":"https:\/\/test2.michel-promo.com\/hr\/wp-json\/wp\/v2\/product\/500426\/revisions\/500679"}],"wp:featuredmedia":[{"embeddable":true,"href":"https:\/\/test2.michel-promo.com\/hr\/wp-json\/wp\/v2\/media\/500410"}],"wp:attachment":[{"href":"https:\/\/test2.michel-promo.com\/hr\/wp-json\/wp\/v2\/media?parent=500426"}],"wp:term":[{"taxonomy":"product_brand","embeddable":true,"href":"https:\/\/test2.michel-promo.com\/hr\/wp-json\/wp\/v2\/product_brand?post=500426"},{"taxonomy":"product_cat","embeddable":true,"href":"https:\/\/test2.michel-promo.com\/hr\/wp-json\/wp\/v2\/product_cat?post=500426"},{"taxonomy":"product_tag","embeddable":true,"href":"https:\/\/test2.michel-promo.com\/hr\/wp-json\/wp\/v2\/product_tag?post=500426"}],"curies":[{"name":"radni list","href":"https:\/\/api.w.org\/{rel}","templated":true}]}}