{"id":501136,"date":"2026-04-07T02:10:02","date_gmt":"2026-04-07T00:10:02","guid":{"rendered":"https:\/\/test2.michel-promo.com\/en\/product\/ares-crni-rokovnik-a4-pg-dim-20x265cm-192-str-p-20\/"},"modified":"2026-04-07T02:10:02","modified_gmt":"2026-04-07T00:10:02","slug":"ares-crni-rokovnik-a4-pg-dim-20x265cm-192-str-p-20","status":"publish","type":"product","link":"https:\/\/test2.michel-promo.com\/hr\/proizvod-2\/ares-crni-rokovnik-a4-pg-dim-20x265cm-192-str-p-20\/","title":{"rendered":"&#8220;ARES&#8221; CRNI rokovnik A4, PG, dim: 20&#215;26,5cm, 192 str., P\/20"},"content":{"rendered":"","protected":false},"excerpt":{"rendered":"<p>dimenzija: ~ A4 \/ 20 x 26,5 cm nopseg: 192 stranicenjezici: HRnvrsta papira: 80 g\/m2 listovintisak: dvije bojenuvez: \u0161ivano, kapital vrpca, pokazna vrpcanpreporu\u010dena vrsta tiska: sitotisak, foliotisak, UV tisaknSadr\u017eajnPrvi dio sadr\u017ei osnovne podatke, kalendarij za 4ngodine, godi\u0161nji planer po mjesecima, vremenske zone,nme\u0111usobne udaljenosi izme\u0111u glavnih gradova europskihndr\u017eava, metri\u010dke mjere. Drugi dio sadr\u017ei bilje\u0161ke.<\/p>","protected":false},"featured_media":399131,"template":"","meta":{"_acf_changed":false},"product_brand":[],"product_cat":[119],"product_tag":[],"class_list":{"0":"post-501136","1":"product","2":"type-product","3":"status-publish","4":"has-post-thumbnail","6":"product_cat-notebooks-and-notepads","8":"first","9":"outofstock","10":"taxable","11":"shipping-taxable","12":"purchasable","13":"product-type-simple"},"acf":[],"_links":{"self":[{"href":"https:\/\/test2.michel-promo.com\/hr\/wp-json\/wp\/v2\/product\/501136","targetHints":{"allow":["GET"]}}],"collection":[{"href":"https:\/\/test2.michel-promo.com\/hr\/wp-json\/wp\/v2\/product"}],"about":[{"href":"https:\/\/test2.michel-promo.com\/hr\/wp-json\/wp\/v2\/types\/product"}],"version-history":[{"count":0,"href":"https:\/\/test2.michel-promo.com\/hr\/wp-json\/wp\/v2\/product\/501136\/revisions"}],"wp:featuredmedia":[{"embeddable":true,"href":"https:\/\/test2.michel-promo.com\/hr\/wp-json\/wp\/v2\/media\/399131"}],"wp:attachment":[{"href":"https:\/\/test2.michel-promo.com\/hr\/wp-json\/wp\/v2\/media?parent=501136"}],"wp:term":[{"taxonomy":"product_brand","embeddable":true,"href":"https:\/\/test2.michel-promo.com\/hr\/wp-json\/wp\/v2\/product_brand?post=501136"},{"taxonomy":"product_cat","embeddable":true,"href":"https:\/\/test2.michel-promo.com\/hr\/wp-json\/wp\/v2\/product_cat?post=501136"},{"taxonomy":"product_tag","embeddable":true,"href":"https:\/\/test2.michel-promo.com\/hr\/wp-json\/wp\/v2\/product_tag?post=501136"}],"curies":[{"name":"radni list","href":"https:\/\/api.w.org\/{rel}","templated":true}]}}