{"id":501138,"date":"2026-04-07T02:10:19","date_gmt":"2026-04-07T00:10:19","guid":{"rendered":"https:\/\/test2.michel-promo.com\/en\/product\/big-bloom-kiwi-zeleni-notes-b5-poslovni-dim-165-x-235-cm-192str-p-20\/"},"modified":"2026-04-07T02:10:19","modified_gmt":"2026-04-07T00:10:19","slug":"big-bloom-kiwi-zeleni-notes-b5-poslovni-dim-165-x-235-cm-192str-p-20","status":"publish","type":"product","link":"https:\/\/test2.michel-promo.com\/hr\/proizvod-2\/big-bloom-kiwi-zeleni-notes-b5-poslovni-dim-165-x-235-cm-192str-p-20\/","title":{"rendered":"\u201cBIG BLOOM\u201d KIWI ZELENI NOTE B5, poslovni, dim: 16,5 x 23,5 cm, 192str, P\/20"},"content":{"rendered":"","protected":false},"excerpt":{"rendered":"<p>Opseg: 192 stranedimenzija: B5~16,5 x 23 cm nvrsta papira: 80 g\/m2 listovintisak: jedan bojanuvez: \u0161ivano, kapital vrpca, gumica, pokazna vrp\u010dankorice: PU platno (termoosjetljiva korica) npr. Preporu\u010dena vrsta dotiska: sitotisak, foliotisak, termotisak i UV tisak<\/p>","protected":false},"featured_media":399137,"template":"","meta":{"_acf_changed":false},"product_brand":[],"product_cat":[119],"product_tag":[],"class_list":{"0":"post-501138","1":"product","2":"type-product","3":"status-publish","4":"has-post-thumbnail","6":"product_cat-notebooks-and-notepads","8":"first","9":"instock","10":"taxable","11":"shipping-taxable","12":"purchasable","13":"product-type-simple"},"acf":[],"_links":{"self":[{"href":"https:\/\/test2.michel-promo.com\/hr\/wp-json\/wp\/v2\/product\/501138","targetHints":{"allow":["GET"]}}],"collection":[{"href":"https:\/\/test2.michel-promo.com\/hr\/wp-json\/wp\/v2\/product"}],"about":[{"href":"https:\/\/test2.michel-promo.com\/hr\/wp-json\/wp\/v2\/types\/product"}],"version-history":[{"count":0,"href":"https:\/\/test2.michel-promo.com\/hr\/wp-json\/wp\/v2\/product\/501138\/revisions"}],"wp:featuredmedia":[{"embeddable":true,"href":"https:\/\/test2.michel-promo.com\/hr\/wp-json\/wp\/v2\/media\/399137"}],"wp:attachment":[{"href":"https:\/\/test2.michel-promo.com\/hr\/wp-json\/wp\/v2\/media?parent=501138"}],"wp:term":[{"taxonomy":"product_brand","embeddable":true,"href":"https:\/\/test2.michel-promo.com\/hr\/wp-json\/wp\/v2\/product_brand?post=501138"},{"taxonomy":"product_cat","embeddable":true,"href":"https:\/\/test2.michel-promo.com\/hr\/wp-json\/wp\/v2\/product_cat?post=501138"},{"taxonomy":"product_tag","embeddable":true,"href":"https:\/\/test2.michel-promo.com\/hr\/wp-json\/wp\/v2\/product_tag?post=501138"}],"curies":[{"name":"radni list","href":"https:\/\/api.w.org\/{rel}","templated":true}]}}