{"id":501140,"date":"2026-04-07T02:10:26","date_gmt":"2026-04-07T00:10:26","guid":{"rendered":"https:\/\/test2.michel-promo.com\/en\/product\/bloom-bijeli-notes-a5-s-gumicom-dim148x21cm-p-20\/"},"modified":"2026-04-07T02:10:26","modified_gmt":"2026-04-07T00:10:26","slug":"bloom-bijeli-notes-a5-s-gumicom-dim148x21cm-p-20","status":"publish","type":"product","link":"https:\/\/test2.michel-promo.com\/hr\/proizvod-2\/bloom-bijeli-notes-a5-s-gumicom-dim148x21cm-p-20\/","title":{"rendered":"\u201cBLOOM\u201d BIJELI NOTE A5, s gumicom, dim:14,8x21cm, P\/20"},"content":{"rendered":"","protected":false},"excerpt":{"rendered":"<p>Opseg: 192 stranedimenzija: A5~14 x 21 cm nvrsta papira: 80 g\/m2 listovintisak: jedna bojanuvez: \u0161ivano, kapital vrpca, gumica, pokazna vrp\u010dankorice: PU platno (termoosjetljiva korica) npr. Preporu\u010dena vrsta dotiska: sitotisak, foliotisak, termotisak i UV tisak<\/p>","protected":false},"featured_media":399139,"template":"","meta":{"_acf_changed":false},"product_brand":[],"product_cat":[119],"product_tag":[],"class_list":{"0":"post-501140","1":"product","2":"type-product","3":"status-publish","4":"has-post-thumbnail","6":"product_cat-notebooks-and-notepads","8":"first","9":"instock","10":"taxable","11":"shipping-taxable","12":"purchasable","13":"product-type-simple"},"acf":[],"_links":{"self":[{"href":"https:\/\/test2.michel-promo.com\/hr\/wp-json\/wp\/v2\/product\/501140","targetHints":{"allow":["GET"]}}],"collection":[{"href":"https:\/\/test2.michel-promo.com\/hr\/wp-json\/wp\/v2\/product"}],"about":[{"href":"https:\/\/test2.michel-promo.com\/hr\/wp-json\/wp\/v2\/types\/product"}],"version-history":[{"count":0,"href":"https:\/\/test2.michel-promo.com\/hr\/wp-json\/wp\/v2\/product\/501140\/revisions"}],"wp:featuredmedia":[{"embeddable":true,"href":"https:\/\/test2.michel-promo.com\/hr\/wp-json\/wp\/v2\/media\/399139"}],"wp:attachment":[{"href":"https:\/\/test2.michel-promo.com\/hr\/wp-json\/wp\/v2\/media?parent=501140"}],"wp:term":[{"taxonomy":"product_brand","embeddable":true,"href":"https:\/\/test2.michel-promo.com\/hr\/wp-json\/wp\/v2\/product_brand?post=501140"},{"taxonomy":"product_cat","embeddable":true,"href":"https:\/\/test2.michel-promo.com\/hr\/wp-json\/wp\/v2\/product_cat?post=501140"},{"taxonomy":"product_tag","embeddable":true,"href":"https:\/\/test2.michel-promo.com\/hr\/wp-json\/wp\/v2\/product_tag?post=501140"}],"curies":[{"name":"radni list","href":"https:\/\/api.w.org\/{rel}","templated":true}]}}