{"id":501146,"date":"2026-04-07T02:10:47","date_gmt":"2026-04-07T00:10:47","guid":{"rendered":"https:\/\/test2.michel-promo.com\/en\/product\/pastelo-plavi-rokovnik-a4-dim-20x265cm-192-str-p-20\/"},"modified":"2026-04-07T02:10:47","modified_gmt":"2026-04-07T00:10:47","slug":"pastelo-plavi-rokovnik-a4-dim-20x265cm-192-str-p-20","status":"publish","type":"product","link":"https:\/\/test2.michel-promo.com\/hr\/proizvod-2\/pastelo-plavi-rokovnik-a4-dim-20x265cm-192-str-p-20\/","title":{"rendered":"\u201cPASTELO\u201d PLAVI rokovnik A4, dim: 20\u00d726,5cm, 192 str., P\/20"},"content":{"rendered":"","protected":false},"excerpt":{"rendered":"<p>dimenzija: ~ A4 \/ 20 x 26,5 cm nopseg: 192 stranicenjezici: HRnvrsta papira: 80 g\/m2 listovintisak: dvije bojenuvez: \u0161ivano, kapital vrpca, pokazna vrpcanpreporu\u010dena vrsta tiska: sitotisak, foliotisak, UV tisaknSadr\u017eajnPrvi dio sadr\u017ei osnovne podatke, praznike svih zemalja EU, kalendarij za 4ngodine, godi\u0161nji planer po mjesecima, vremenske zone, nme\u0111usobne udaljenosi izme\u0111u glavnih gradova europskih dr\u017eava, metri\u010dke mjere. Drugi dio sadr\u017ei bilje\u0161ke.<\/p>","protected":false},"featured_media":399147,"template":"","meta":{"_acf_changed":false},"product_brand":[],"product_cat":[119],"product_tag":[],"class_list":{"0":"post-501146","1":"product","2":"type-product","3":"status-publish","4":"has-post-thumbnail","6":"product_cat-notebooks-and-notepads","8":"first","9":"instock","10":"taxable","11":"shipping-taxable","12":"purchasable","13":"product-type-simple"},"acf":[],"_links":{"self":[{"href":"https:\/\/test2.michel-promo.com\/hr\/wp-json\/wp\/v2\/product\/501146","targetHints":{"allow":["GET"]}}],"collection":[{"href":"https:\/\/test2.michel-promo.com\/hr\/wp-json\/wp\/v2\/product"}],"about":[{"href":"https:\/\/test2.michel-promo.com\/hr\/wp-json\/wp\/v2\/types\/product"}],"version-history":[{"count":0,"href":"https:\/\/test2.michel-promo.com\/hr\/wp-json\/wp\/v2\/product\/501146\/revisions"}],"wp:featuredmedia":[{"embeddable":true,"href":"https:\/\/test2.michel-promo.com\/hr\/wp-json\/wp\/v2\/media\/399147"}],"wp:attachment":[{"href":"https:\/\/test2.michel-promo.com\/hr\/wp-json\/wp\/v2\/media?parent=501146"}],"wp:term":[{"taxonomy":"product_brand","embeddable":true,"href":"https:\/\/test2.michel-promo.com\/hr\/wp-json\/wp\/v2\/product_brand?post=501146"},{"taxonomy":"product_cat","embeddable":true,"href":"https:\/\/test2.michel-promo.com\/hr\/wp-json\/wp\/v2\/product_cat?post=501146"},{"taxonomy":"product_tag","embeddable":true,"href":"https:\/\/test2.michel-promo.com\/hr\/wp-json\/wp\/v2\/product_tag?post=501146"}],"curies":[{"name":"radni list","href":"https:\/\/api.w.org\/{rel}","templated":true}]}}